{"id":25896,"date":"2025-03-28T07:24:14","date_gmt":"2025-03-28T06:24:14","guid":{"rendered":"http:\/\/dev603.projekty-dotspice.com\/en\/produkt\/voucher-o-wartosci-80zl\/"},"modified":"2025-11-03T11:33:36","modified_gmt":"2025-11-03T10:33:36","slug":"voucher-o-wartosci-80zl","status":"publish","type":"product","link":"https:\/\/iwonapodlasinska.com\/en\/produkt\/voucher-o-wartosci-80zl\/","title":{"rendered":"Voucher o warto\u015bci 80z\u0142"},"content":{"rendered":"<h2><strong>Voucher Fotograficzny &#8211; Odkryj Sztuk\u0119 Portretu z Profesjonalnymi Narz\u0119dziami i Wskaz\u00f3wkami!<\/strong><\/h2>\n<p> <strong>Opis:<\/strong> Zapraszamy Ci\u0119 do fascynuj\u0105cej podr\u00f3\u017cy przez \u015bwiat fotografii portretowej za pomoc\u0105 naszego ekskluzywnego Vouchera Fotograficznego. To doskona\u0142y prezent dla pasjonat\u00f3w fotografii, kt\u00f3rzy pragn\u0105 doskonali\u0107 swoje umiej\u0119tno\u015bci i odkry\u0107 nowe techniki, ucz\u0105c si\u0119 od ekspert\u00f3w w dziedzinie. <strong>Co obejmuje nasz Voucher Fotograficzny?<\/strong> <\/p>\n<ol>\n<li><strong>Nak\u0142adki do Photoshopa:<\/strong> Otrzymasz dost\u0119p do moich unikalnych nak\u0142adek do programu Photoshop, kt\u00f3re podkre\u015bl\u0105 pi\u0119kno Twoich portret\u00f3w. Te profesjonalne narz\u0119dzia pomog\u0105 Ci osi\u0105gn\u0105\u0107 efekty, o jakich zawsze marzy\u0142e\u015b.<\/li>\n<li><strong>Tutoriale dotycz\u0105ce Obr\u00f3bki Zdj\u0119\u0107 Portretowych:<\/strong> Zanurz si\u0119 w fascynuj\u0105cym \u015bwiecie obr\u00f3bki zdj\u0119\u0107 portretowych dzi\u0119ki naszym szczeg\u00f3\u0142owym tutorialom. Dowiesz si\u0119, jak tworzy\u0107 niezapomniane portrety krok po kroku, odkrywaj\u0105c tajniki retuszu i kompozycji.<\/li>\n<li><strong>Warsztaty Grupowe i Indywidualne:<\/strong> Voucher daje Ci mo\u017cliwo\u015b\u0107 uczestnictwa w naszych inspiruj\u0105cych warsztatach fotograficznych. Niezale\u017cnie od tego, czy wolisz nauk\u0119 w grupie, czy wolisz indywidualne podej\u015bcie, mamy co\u015b dla ka\u017cdego.<\/li>\n<\/ol>\n<p> <strong>Dlaczego nasz Voucher to idealny prezent?<\/strong> <\/p>\n<ul>\n<li><strong>Personalizacja do Twoich Cel\u00f3w:<\/strong> Voucher dostosowuje si\u0119 do Twoich preferencji i poziomu zaawansowania. Niezale\u017cnie od tego, czy jeste\u015b pocz\u0105tkuj\u0105cym czy do\u015bwiadczonym fotografem, nasze zasoby spe\u0142ni\u0105 Twoje oczekiwania.<\/li>\n<li><strong>Otrzymasz pi\u0119kny voucher w formie papierowej:<\/strong> idealny na prezent z ka\u017cdej okazji dla bliskiej osoby, kt\u00f3ra kocha fotografi\u0119 portretow\u0105. UWAGA! vouchery papierowe wysy\u0142am tylko na adres na terenie Polski.<\/li>\n<\/ul>\n<p> &nbsp; Daj swoim zdj\u0119ciom nowe \u017cycie z naszym Voucherem Fotograficznym. Odkryj potencja\u0142, jaki tkwi w ka\u017cdym portrecie! &nbsp; Po otrzymaniu bonu prosz\u0119 o kontakt na adres mailowy contact@iwonapodlasinska.com aby otrzyma\u0107 kod lub instrukcj\u0119 jak wykorzysta\u0107 bon. UWAGA! Bon mo\u017cna wykorzysta\u0107 jedynie na stronie iwonapodlasinska.com. Kodu nie mo\u017cna wykorzystywa\u0107 do zakup\u00f3w na stornach partnerskiech (np. Expertphotography.com lub warsztatywzlodziejwie.com). W razie pyta\u0144 prosz\u0119 o kontakt. Wysy\u0142ka mo\u017cliwa b\u0119dzie po 28 listopada 2023<\/p>\n","protected":false},"excerpt":{"rendered":"<p>Voucher Fotograficzny &#8211; Odkryj Sztuk\u0119 Portretu z Profesjonalnymi Narz\u0119dziami i Wskaz\u00f3wkami! Opis: Zapraszamy Ci\u0119 do fascynuj\u0105cej podr\u00f3\u017cy przez \u015bwiat fotografii portretowej za pomoc\u0105 naszego ekskluzywnego Vouchera Fotograficznego. To doskona\u0142y prezent dla pasjonat\u00f3w fotografii, kt\u00f3rzy pragn\u0105 doskonali\u0107 swoje umiej\u0119tno\u015bci i odkry\u0107 nowe techniki, ucz\u0105c si\u0119 od ekspert\u00f3w w dziedzinie. Co obejmuje nasz Voucher Fotograficzny? Nak\u0142adki do [&hellip;]<\/p>\n","protected":false},"featured_media":25897,"comment_status":"closed","ping_status":"closed","template":"","meta":{"_acf_changed":false,"inline_featured_image":false,"_glsr_average":0,"_glsr_ranking":0,"_glsr_reviews":0},"product_brand":[],"product_cat":[38],"product_tag":[],"class_list":{"0":"post-25896","1":"product","2":"type-product","3":"status-publish","4":"has-post-thumbnail","6":"product_cat-voucher","8":"first","9":"instock","10":"taxable","11":"shipping-taxable","12":"purchasable","13":"product-type-simple"},"acf":[],"yoast_head":"<!-- This site is optimized with the Yoast SEO plugin v26.9 - https:\/\/yoast.com\/product\/yoast-seo-wordpress\/ -->\n<title>Voucher o warto\u015bci 80z\u0142 - EN<\/title>\n<meta name=\"robots\" content=\"index, follow, max-snippet:-1, max-image-preview:large, max-video-preview:-1\" \/>\n<link rel=\"canonical\" href=\"https:\/\/iwonapodlasinska.com\/en\/produkt\/voucher-o-wartosci-80zl\/\" \/>\n<meta property=\"og:locale\" content=\"en_US\" \/>\n<meta property=\"og:type\" content=\"article\" \/>\n<meta property=\"og:title\" content=\"Voucher o warto\u015bci 80z\u0142 - EN\" \/>\n<meta property=\"og:description\" content=\"Voucher Fotograficzny &#8211; Odkryj Sztuk\u0119 Portretu z Profesjonalnymi Narz\u0119dziami i Wskaz\u00f3wkami! Opis: Zapraszamy Ci\u0119 do fascynuj\u0105cej podr\u00f3\u017cy przez \u015bwiat fotografii portretowej za pomoc\u0105 naszego ekskluzywnego Vouchera Fotograficznego. To doskona\u0142y prezent dla pasjonat\u00f3w fotografii, kt\u00f3rzy pragn\u0105 doskonali\u0107 swoje umiej\u0119tno\u015bci i odkry\u0107 nowe techniki, ucz\u0105c si\u0119 od ekspert\u00f3w w dziedzinie. Co obejmuje nasz Voucher Fotograficzny? Nak\u0142adki do [&hellip;]\" \/>\n<meta property=\"og:url\" content=\"https:\/\/iwonapodlasinska.com\/en\/produkt\/voucher-o-wartosci-80zl\/\" \/>\n<meta property=\"og:site_name\" content=\"EN\" \/>\n<meta property=\"article:modified_time\" content=\"2025-11-03T10:33:36+00:00\" \/>\n<meta property=\"og:image\" content=\"https:\/\/iwonapodlasinska.com\/en\/wp-content\/uploads\/sites\/3\/2025\/03\/80.jpg\" \/>\n\t<meta property=\"og:image:width\" content=\"1000\" \/>\n\t<meta property=\"og:image:height\" content=\"1000\" \/>\n\t<meta property=\"og:image:type\" content=\"image\/jpeg\" \/>\n<meta name=\"twitter:card\" content=\"summary_large_image\" \/>\n<meta name=\"twitter:label1\" content=\"Est. reading time\" \/>\n\t<meta name=\"twitter:data1\" content=\"2 minutes\" \/>\n<script type=\"application\/ld+json\" class=\"yoast-schema-graph\">{\"@context\":\"https:\/\/schema.org\",\"@graph\":[{\"@type\":\"WebPage\",\"@id\":\"https:\/\/iwonapodlasinska.com\/en\/produkt\/voucher-o-wartosci-80zl\/\",\"url\":\"https:\/\/iwonapodlasinska.com\/en\/produkt\/voucher-o-wartosci-80zl\/\",\"name\":\"Voucher o warto\u015bci 80z\u0142 - EN\",\"isPartOf\":{\"@id\":\"https:\/\/iwonapodlasinska.com\/en\/#website\"},\"primaryImageOfPage\":{\"@id\":\"https:\/\/iwonapodlasinska.com\/en\/produkt\/voucher-o-wartosci-80zl\/#primaryimage\"},\"image\":{\"@id\":\"https:\/\/iwonapodlasinska.com\/en\/produkt\/voucher-o-wartosci-80zl\/#primaryimage\"},\"thumbnailUrl\":\"https:\/\/iwonapodlasinska.com\/en\/wp-content\/uploads\/sites\/3\/2025\/03\/80.jpg\",\"datePublished\":\"2025-03-28T06:24:14+00:00\",\"dateModified\":\"2025-11-03T10:33:36+00:00\",\"breadcrumb\":{\"@id\":\"https:\/\/iwonapodlasinska.com\/en\/produkt\/voucher-o-wartosci-80zl\/#breadcrumb\"},\"inLanguage\":\"en-US\",\"potentialAction\":[{\"@type\":\"ReadAction\",\"target\":[\"https:\/\/iwonapodlasinska.com\/en\/produkt\/voucher-o-wartosci-80zl\/\"]}]},{\"@type\":\"ImageObject\",\"inLanguage\":\"en-US\",\"@id\":\"https:\/\/iwonapodlasinska.com\/en\/produkt\/voucher-o-wartosci-80zl\/#primaryimage\",\"url\":\"https:\/\/iwonapodlasinska.com\/en\/wp-content\/uploads\/sites\/3\/2025\/03\/80.jpg\",\"contentUrl\":\"https:\/\/iwonapodlasinska.com\/en\/wp-content\/uploads\/sites\/3\/2025\/03\/80.jpg\",\"width\":1000,\"height\":1000},{\"@type\":\"BreadcrumbList\",\"@id\":\"https:\/\/iwonapodlasinska.com\/en\/produkt\/voucher-o-wartosci-80zl\/#breadcrumb\",\"itemListElement\":[{\"@type\":\"ListItem\",\"position\":1,\"name\":\"Home\",\"item\":\"https:\/\/iwonapodlasinska.com\/en\/\"},{\"@type\":\"ListItem\",\"position\":2,\"name\":\"Shop\",\"item\":\"https:\/\/iwonapodlasinska.com\/en\/shop\/\"},{\"@type\":\"ListItem\",\"position\":3,\"name\":\"Voucher o warto\u015bci 80z\u0142\"}]},{\"@type\":\"WebSite\",\"@id\":\"https:\/\/iwonapodlasinska.com\/en\/#website\",\"url\":\"https:\/\/iwonapodlasinska.com\/en\/\",\"name\":\"EN\",\"description\":\"\",\"publisher\":{\"@id\":\"https:\/\/iwonapodlasinska.com\/en\/#organization\"},\"potentialAction\":[{\"@type\":\"SearchAction\",\"target\":{\"@type\":\"EntryPoint\",\"urlTemplate\":\"https:\/\/iwonapodlasinska.com\/en\/?s={search_term_string}\"},\"query-input\":{\"@type\":\"PropertyValueSpecification\",\"valueRequired\":true,\"valueName\":\"search_term_string\"}}],\"inLanguage\":\"en-US\"},{\"@type\":\"Organization\",\"@id\":\"https:\/\/iwonapodlasinska.com\/en\/#organization\",\"name\":\"EN\",\"url\":\"https:\/\/iwonapodlasinska.com\/en\/\",\"logo\":{\"@type\":\"ImageObject\",\"inLanguage\":\"en-US\",\"@id\":\"https:\/\/iwonapodlasinska.com\/en\/#\/schema\/logo\/image\/\",\"url\":\"https:\/\/iwonapodlasinska.com\/en\/wp-content\/uploads\/sites\/3\/2025\/03\/logo2.png\",\"contentUrl\":\"https:\/\/iwonapodlasinska.com\/en\/wp-content\/uploads\/sites\/3\/2025\/03\/logo2.png\",\"width\":305,\"height\":82,\"caption\":\"EN\"},\"image\":{\"@id\":\"https:\/\/iwonapodlasinska.com\/en\/#\/schema\/logo\/image\/\"}}]}<\/script>\n<!-- \/ Yoast SEO plugin. -->","yoast_head_json":{"title":"Voucher o warto\u015bci 80z\u0142 - EN","robots":{"index":"index","follow":"follow","max-snippet":"max-snippet:-1","max-image-preview":"max-image-preview:large","max-video-preview":"max-video-preview:-1"},"canonical":"https:\/\/iwonapodlasinska.com\/en\/produkt\/voucher-o-wartosci-80zl\/","og_locale":"en_US","og_type":"article","og_title":"Voucher o warto\u015bci 80z\u0142 - EN","og_description":"Voucher Fotograficzny &#8211; Odkryj Sztuk\u0119 Portretu z Profesjonalnymi Narz\u0119dziami i Wskaz\u00f3wkami! Opis: Zapraszamy Ci\u0119 do fascynuj\u0105cej podr\u00f3\u017cy przez \u015bwiat fotografii portretowej za pomoc\u0105 naszego ekskluzywnego Vouchera Fotograficznego. To doskona\u0142y prezent dla pasjonat\u00f3w fotografii, kt\u00f3rzy pragn\u0105 doskonali\u0107 swoje umiej\u0119tno\u015bci i odkry\u0107 nowe techniki, ucz\u0105c si\u0119 od ekspert\u00f3w w dziedzinie. Co obejmuje nasz Voucher Fotograficzny? Nak\u0142adki do [&hellip;]","og_url":"https:\/\/iwonapodlasinska.com\/en\/produkt\/voucher-o-wartosci-80zl\/","og_site_name":"EN","article_modified_time":"2025-11-03T10:33:36+00:00","og_image":[{"width":1000,"height":1000,"url":"https:\/\/iwonapodlasinska.com\/en\/wp-content\/uploads\/sites\/3\/2025\/03\/80.jpg","type":"image\/jpeg"}],"twitter_card":"summary_large_image","twitter_misc":{"Est. reading time":"2 minutes"},"schema":{"@context":"https:\/\/schema.org","@graph":[{"@type":"WebPage","@id":"https:\/\/iwonapodlasinska.com\/en\/produkt\/voucher-o-wartosci-80zl\/","url":"https:\/\/iwonapodlasinska.com\/en\/produkt\/voucher-o-wartosci-80zl\/","name":"Voucher o warto\u015bci 80z\u0142 - EN","isPartOf":{"@id":"https:\/\/iwonapodlasinska.com\/en\/#website"},"primaryImageOfPage":{"@id":"https:\/\/iwonapodlasinska.com\/en\/produkt\/voucher-o-wartosci-80zl\/#primaryimage"},"image":{"@id":"https:\/\/iwonapodlasinska.com\/en\/produkt\/voucher-o-wartosci-80zl\/#primaryimage"},"thumbnailUrl":"https:\/\/iwonapodlasinska.com\/en\/wp-content\/uploads\/sites\/3\/2025\/03\/80.jpg","datePublished":"2025-03-28T06:24:14+00:00","dateModified":"2025-11-03T10:33:36+00:00","breadcrumb":{"@id":"https:\/\/iwonapodlasinska.com\/en\/produkt\/voucher-o-wartosci-80zl\/#breadcrumb"},"inLanguage":"en-US","potentialAction":[{"@type":"ReadAction","target":["https:\/\/iwonapodlasinska.com\/en\/produkt\/voucher-o-wartosci-80zl\/"]}]},{"@type":"ImageObject","inLanguage":"en-US","@id":"https:\/\/iwonapodlasinska.com\/en\/produkt\/voucher-o-wartosci-80zl\/#primaryimage","url":"https:\/\/iwonapodlasinska.com\/en\/wp-content\/uploads\/sites\/3\/2025\/03\/80.jpg","contentUrl":"https:\/\/iwonapodlasinska.com\/en\/wp-content\/uploads\/sites\/3\/2025\/03\/80.jpg","width":1000,"height":1000},{"@type":"BreadcrumbList","@id":"https:\/\/iwonapodlasinska.com\/en\/produkt\/voucher-o-wartosci-80zl\/#breadcrumb","itemListElement":[{"@type":"ListItem","position":1,"name":"Home","item":"https:\/\/iwonapodlasinska.com\/en\/"},{"@type":"ListItem","position":2,"name":"Shop","item":"https:\/\/iwonapodlasinska.com\/en\/shop\/"},{"@type":"ListItem","position":3,"name":"Voucher o warto\u015bci 80z\u0142"}]},{"@type":"WebSite","@id":"https:\/\/iwonapodlasinska.com\/en\/#website","url":"https:\/\/iwonapodlasinska.com\/en\/","name":"EN","description":"","publisher":{"@id":"https:\/\/iwonapodlasinska.com\/en\/#organization"},"potentialAction":[{"@type":"SearchAction","target":{"@type":"EntryPoint","urlTemplate":"https:\/\/iwonapodlasinska.com\/en\/?s={search_term_string}"},"query-input":{"@type":"PropertyValueSpecification","valueRequired":true,"valueName":"search_term_string"}}],"inLanguage":"en-US"},{"@type":"Organization","@id":"https:\/\/iwonapodlasinska.com\/en\/#organization","name":"EN","url":"https:\/\/iwonapodlasinska.com\/en\/","logo":{"@type":"ImageObject","inLanguage":"en-US","@id":"https:\/\/iwonapodlasinska.com\/en\/#\/schema\/logo\/image\/","url":"https:\/\/iwonapodlasinska.com\/en\/wp-content\/uploads\/sites\/3\/2025\/03\/logo2.png","contentUrl":"https:\/\/iwonapodlasinska.com\/en\/wp-content\/uploads\/sites\/3\/2025\/03\/logo2.png","width":305,"height":82,"caption":"EN"},"image":{"@id":"https:\/\/iwonapodlasinska.com\/en\/#\/schema\/logo\/image\/"}}]}},"_links":{"self":[{"href":"https:\/\/iwonapodlasinska.com\/en\/wp-json\/wp\/v2\/product\/25896","targetHints":{"allow":["GET"]}}],"collection":[{"href":"https:\/\/iwonapodlasinska.com\/en\/wp-json\/wp\/v2\/product"}],"about":[{"href":"https:\/\/iwonapodlasinska.com\/en\/wp-json\/wp\/v2\/types\/product"}],"replies":[{"embeddable":true,"href":"https:\/\/iwonapodlasinska.com\/en\/wp-json\/wp\/v2\/comments?post=25896"}],"wp:featuredmedia":[{"embeddable":true,"href":"https:\/\/iwonapodlasinska.com\/en\/wp-json\/wp\/v2\/media\/25897"}],"wp:attachment":[{"href":"https:\/\/iwonapodlasinska.com\/en\/wp-json\/wp\/v2\/media?parent=25896"}],"wp:term":[{"taxonomy":"product_brand","embeddable":true,"href":"https:\/\/iwonapodlasinska.com\/en\/wp-json\/wp\/v2\/product_brand?post=25896"},{"taxonomy":"product_cat","embeddable":true,"href":"https:\/\/iwonapodlasinska.com\/en\/wp-json\/wp\/v2\/product_cat?post=25896"},{"taxonomy":"product_tag","embeddable":true,"href":"https:\/\/iwonapodlasinska.com\/en\/wp-json\/wp\/v2\/product_tag?post=25896"}],"curies":[{"name":"wp","href":"https:\/\/api.w.org\/{rel}","templated":true}]}}