{"id":7640,"date":"2025-03-19T10:21:36","date_gmt":"2025-03-19T09:21:36","guid":{"rendered":"http:\/\/dev603.projekty-dotspice.com\/?page_id=25"},"modified":"2025-09-17T13:30:57","modified_gmt":"2025-09-17T11:30:57","slug":"contact-2","status":"publish","type":"page","link":"https:\/\/iwonapodlasinska.com\/en\/contact-2\/","title":{"rendered":"Contact"},"content":{"rendered":" <div class=\"wp-block-columns is-layout-flex wp-container-core-columns-is-layout-28f84493 \"> <div class=\"wp-block-column wp-block-column-\"> <p>If you have any questions regarding workshops, tutorials, or my upcoming projects, feel free to contact me. I will do my best to respond as quickly as possible.<\/p> <\/div> <div class=\"wp-block-column wp-block-column-\"><\/div> <\/div>   <div style=\"height:30px\" aria-hidden=\"true\" class=\"wp-block-spacer\"><\/div>   <div class=\"wp-block-columns is-layout-flex wp-container-core-columns-is-layout-28f84493 \"> <div class=\"wp-block-column wp-block-column-\"> <div class=\"icontext\"> <style>.wp-block-acf-cta{max-width:unset!important}.icontext{height:100%;transition:all .3s;position:relative;overflow:hidden;border-radius:0;background:var(--wp--preset--color--primary);padding:0;transition:all .3s}.icontext .custom-box{display:grid;grid-template-columns:145px auto}@media (max-width:500px){.icontext .custom-box{grid-template-columns:70px auto;gap:10px}}.icontext .acf-innerblocks-container{position:relative;z-index:1;margin:0;padding:0}@media (max-width:800px){.icontext{height:auto;margin-bottom:30px}}.icontext .wp-block-columns{gap:15px}.icontext .custom-heading{margin-top:20px;margin-bottom:20px;font-weight:400}.icontext p{margin-bottom:0;position:relative;z-index:4;transition:all .3s;margin-top:10px;color:#fff;padding-bottom:30px}.icontext .wp-block-image{text-align:center;position:relative;padding:10px;display:flex;align-items:center;justify-content:center;height:100%}.icontext .wp-block-image:after{width:1px;height:calc(100% + 50px);top:-25px;right:0;background:#fff;opacity:10%;content:\"\";position:absolute}<\/style> <div class=\"acf-innerblocks-container\"> <div class=\"wp-block-group custom-box is-nowrap is-layout-flex wp-container-core-group-is-layout-6c531013 wp-block-group-is-layout-flex\"> <figure class=\"wp-block-image size-full\"><img decoding=\"async\" src=\"http:\/\/iwonapodlasinska.com\/wp-content\/uploads\/2025\/03\/stash_location-light.svg\" alt=\"\" class=\"wp-image-676\" style=\"object-fit:cover\"\/><\/figure> <div class=\"wp-block-group wp-block-group-\"> <h6 class=\"wp-block-heading custom-heading\">Iwona Podlasi\u0144ska<\/h6> <p class=\"custom-paragraph\">ul.&nbsp;Morcinka 27b, 25-432 Kielce<\/p> <\/div> <\/div> <\/div> <\/div><\/div> <div class=\"wp-block-column wp-block-column-\"> <div class=\"icontext\"> <div class=\"acf-innerblocks-container\"> <div class=\"wp-block-group custom-box is-nowrap is-layout-flex wp-container-core-group-is-layout-6c531013 wp-block-group-is-layout-flex\"> <figure class=\"wp-block-image size-full\"><img decoding=\"async\" src=\"http:\/\/iwonapodlasinska.com\/wp-content\/uploads\/2025\/03\/hugeicons_mail-open.svg\" alt=\"\" class=\"wp-image-683\" style=\"object-fit:cover\"\/><\/figure> <div class=\"wp-block-group wp-block-group-\"> <h6 class=\"wp-block-heading custom-heading\">E-mail<\/h6> <p class=\"custom-paragraph\"><a href=\"mailto:contact@iwonapodlasinska.com\">contact@iwonapodlasinska.com<\/a><\/p> <\/div> <\/div> <\/div> <\/div><\/div> <\/div>   <div class=\"wp-block-columns is-layout-flex wp-container-core-columns-is-layout-28f84493 \"> <div class=\"wp-block-column wp-block-column-\"> <div style=\"height:60px\" aria-hidden=\"true\" class=\"wp-block-spacer\"><\/div> <p>Nr&nbsp;rachunku bankowego do&nbsp;przelew\u00f3w: ING Bank \u015al\u0105ski S.A. 39 1050 1416 1000 0092 5159 6913<\/p> <div style=\"height:20px\" aria-hidden=\"true\" class=\"wp-block-spacer\"><\/div> <div class=\"wp-block-group c-social is-nowrap is-layout-flex wp-container-core-group-is-layout-6c531013 wp-block-group-is-layout-flex\"> <p>Find me:<\/p> <div class=\"wp-block-group icons is-nowrap is-layout-flex wp-container-core-group-is-layout-6c531013 wp-block-group-is-layout-flex\"> <figure class=\"wp-block-image size-large is-resized\"><a href=\"https:\/\/www.facebook.com\/iwonapodlasinskaphotography\/\" target=\"_blank\" rel=\" noreferrer noopener\"><img decoding=\"async\" src=\"\/wp-content\/uploads\/2025\/03\/ic_baseline-facebook.svg\" alt=\"\" style=\"width:24px;height:auto\"\/><\/a><\/figure> <figure class=\"wp-block-image size-large\"><a href=\"https:\/\/www.instagram.com\/iwonapodlasinska\/\" target=\"_blank\" rel=\" noreferrer noopener\"><img decoding=\"async\" src=\"\/wp-content\/uploads\/2025\/03\/mdi_instagram.svg\" alt=\"\"\/><\/a><\/figure> <figure class=\"wp-block-image size-large\"><a href=\"https:\/\/www.tiktok.com\/@iwonapodlasinska?_t=ZN-8vbvfo8wfcE&amp;_r=1\" target=\"_blank\" rel=\" noreferrer noopener\"><img decoding=\"async\" src=\"\/wp-content\/uploads\/sites\/3\/2025\/05\/tiktok.svg\" alt=\"\"\/><\/a><\/figure> <figure class=\"wp-block-image size-large\"><a href=\"https:\/\/www.youtube.com\/channel\/UCWb45jMF6R-tYwZyvjTtu1A\" target=\"_blank\" rel=\" noreferrer noopener\"><img decoding=\"async\" src=\"\/wp-content\/uploads\/2025\/03\/mdi_youtube.svg\" alt=\"\"\/><\/a><\/figure> <figure class=\"wp-block-image size-large\"><a href=\"https:\/\/500px.com\/p\/iwonapodlasinska?view=photos\" target=\"_blank\" rel=\" noreferrer noopener\"><img decoding=\"async\" src=\"\/wp-content\/uploads\/2025\/03\/uil_500px.svg\" alt=\"\"\/><\/a><\/figure> <figure class=\"wp-block-image size-large\"><a href=\"https:\/\/www.flickr.com\/photos\/iwonapodlasinska\/\" target=\"_blank\" rel=\" noreferrer noopener\"><img decoding=\"async\" src=\"\/wp-content\/uploads\/2025\/03\/fa-brands_flickr.svg\" alt=\"\"\/><\/a><\/figure> <\/div> <\/div> <div style=\"height:110px\" aria-hidden=\"true\" class=\"wp-block-spacer\"><\/div> <\/div> <\/div>   <div class=\"wp-block-cover c-inner alignfull\"><img decoding=\"async\" class=\"wp-block-cover__image-background wp-image-697\" alt=\"\" src=\"http:\/\/dev603.projekty-dotspice.com\/en\/wp-content\/uploads\/sites\/3\/2025\/03\/c-bg.jpg\" data-object-fit=\"cover\"\/><span aria-hidden=\"true\" class=\"wp-block-cover__background has-background-dim-0 has-background-dim\" style=\"background-color:#1c1f21\"><\/span><div class=\"wp-block-cover__inner-container wp-block-cover-\"> <div class=\"wp-block-columns is-layout-flex wp-container-core-columns-is-layout-28f84493 \"> <div class=\"wp-block-column wp-block-column-\"> <div style=\"height:70px\" aria-hidden=\"true\" class=\"wp-block-spacer\"><\/div> <h3 class=\"wp-block-heading has-text-align-left\">You can write to me<\/h3> <div style=\"height:40px\" aria-hidden=\"true\" class=\"wp-block-spacer\"><\/div> \n<div class=\"wpcf7 no-js\" id=\"wpcf7-f26006-o1\" lang=\"pl-PL\" dir=\"ltr\" data-wpcf7-id=\"26006\">\n<div class=\"screen-reader-response\"><p role=\"status\" aria-live=\"polite\" aria-atomic=\"true\"><\/p> <ul><\/ul><\/div>\n<form action=\"\/en\/wp-json\/wp\/v2\/pages\/7640#wpcf7-f26006-o1\" method=\"post\" class=\"wpcf7-form init\" aria-label=\"Formularz kontaktowy\" novalidate=\"novalidate\" data-status=\"init\">\n<fieldset class=\"hidden-fields-container\"><input type=\"hidden\" name=\"_wpcf7\" value=\"26006\" \/><input type=\"hidden\" name=\"_wpcf7_version\" value=\"6.1.5\" \/><input type=\"hidden\" name=\"_wpcf7_locale\" value=\"pl_PL\" \/><input type=\"hidden\" name=\"_wpcf7_unit_tag\" value=\"wpcf7-f26006-o1\" \/><input type=\"hidden\" name=\"_wpcf7_container_post\" value=\"0\" \/><input type=\"hidden\" name=\"_wpcf7_posted_data_hash\" value=\"\" \/>\n<\/fieldset>\n<div class=\"wp-block-columns\">\n  <div class=\"wp-block-column\"> \n      <span class=\"wpcf7-form-control-wrap\" data-name=\"your-name\"><input size=\"40\" maxlength=\"400\" class=\"wpcf7-form-control wpcf7-text wpcf7-validates-as-required form-control\" autocomplete=\"name\" aria-required=\"true\" aria-invalid=\"false\" placeholder=\"Name and surname\" value=\"\" type=\"text\" name=\"your-name\" \/><\/span> <\/div>\n  <div class=\"wp-block-column\"> \n      <span class=\"wpcf7-form-control-wrap\" data-name=\"your-email\"><input size=\"40\" maxlength=\"400\" class=\"wpcf7-form-control wpcf7-email wpcf7-validates-as-required wpcf7-text wpcf7-validates-as-email form-control\" autocomplete=\"email\" aria-required=\"true\" aria-invalid=\"false\" placeholder=\"E-mail\" value=\"\" type=\"email\" name=\"your-email\" \/><\/span> <\/div>\n<\/div>\n\n<div class=\"wp-block-columns\">\n  <div class=\"wp-block-column\"> \n      <span class=\"wpcf7-form-control-wrap\" data-name=\"your-subject\"><input size=\"40\" maxlength=\"400\" class=\"wpcf7-form-control wpcf7-text wpcf7-validates-as-required form-control\" aria-required=\"true\" aria-invalid=\"false\" placeholder=\"Phone\" value=\"\" type=\"text\" name=\"your-subject\" \/><\/span> <\/div>\n  <div class=\"wp-block-column\"> \n      <span class=\"wpcf7-form-control-wrap\" data-name=\"your-title\"><input size=\"40\" maxlength=\"400\" class=\"wpcf7-form-control wpcf7-text wpcf7-validates-as-required form-control\" aria-required=\"true\" aria-invalid=\"false\" placeholder=\"Subject\" value=\"\" type=\"text\" name=\"your-title\" \/><\/span> <\/div>\n<\/div>\n\n<div class=\"wp-block-columns\">\n  <div class=\"wp-block-column\"> \n      <span class=\"wpcf7-form-control-wrap\" data-name=\"your-message\"><textarea cols=\"40\" rows=\"10\" maxlength=\"2000\" class=\"wpcf7-form-control wpcf7-textarea form-control\" aria-invalid=\"false\" placeholder=\"Message\" name=\"your-message\"><\/textarea><\/span> \n  \n  <\/div>\n\n<\/div>\n<div class=\"wp-block-columns\">\n  <div class=\"wp-block-column\"> \n   <span class=\"wpcf7-form-control-wrap\" data-name=\"acceptance-272\"><span class=\"wpcf7-form-control wpcf7-acceptance optional\"><span class=\"wpcf7-list-item\"><label><input type=\"checkbox\" class=\"form-check-input\" name=\"acceptance-272\" value=\"1\" aria-invalid=\"false\" \/><span class=\"wpcf7-list-item-label\">I consent to the processing of my personal data contained in the form<\/span><\/label><\/span><\/span><\/span>\n      <button class=\"button\" type=\"submit\">Send a message<\/button>\n  <\/div>\n\n<\/div><div class=\"wpcf7-response-output\" aria-hidden=\"true\"><\/div>\n<\/form>\n<\/div>\n <div style=\"height:110px\" aria-hidden=\"true\" class=\"wp-block-spacer\"><\/div> <\/div> <\/div> <\/div><\/div> ","protected":false},"excerpt":{"rendered":"<p>If you have any questions regarding workshops, tutorials, or my upcoming projects, feel free to contact me. I will do my best to respond as quickly as possible. Nr&nbsp;rachunku bankowego do&nbsp;przelew\u00f3w: ING Bank \u015al\u0105ski S.A. 39 1050 1416 1000 0092 5159 6913 Find me:<\/p>\n","protected":false},"author":2,"featured_media":0,"parent":0,"menu_order":0,"comment_status":"closed","ping_status":"closed","template":"","meta":{"_acf_changed":false,"inline_featured_image":false,"_glsr_average":0,"_glsr_ranking":0,"_glsr_reviews":0,"footnotes":""},"class_list":["post-7640","page","type-page","status-publish","hentry"],"acf":[],"yoast_head":"<!-- This site is optimized with the Yoast SEO plugin v26.9 - https:\/\/yoast.com\/product\/yoast-seo-wordpress\/ -->\n<title>Contact - EN<\/title>\n<meta name=\"robots\" content=\"index, follow, max-snippet:-1, max-image-preview:large, max-video-preview:-1\" \/>\n<link rel=\"canonical\" href=\"https:\/\/iwonapodlasinska.com\/en\/contact-2\/\" \/>\n<meta property=\"og:locale\" content=\"en_US\" \/>\n<meta property=\"og:type\" content=\"article\" \/>\n<meta property=\"og:title\" content=\"Contact - EN\" \/>\n<meta property=\"og:description\" content=\"If you have any questions regarding workshops, tutorials, or my upcoming projects, feel free to contact me. I will do my best to respond as quickly as possible. Nr&nbsp;rachunku bankowego do&nbsp;przelew\u00f3w: ING Bank \u015al\u0105ski S.A. 39 1050 1416 1000 0092 5159 6913 Find me:\" \/>\n<meta property=\"og:url\" content=\"https:\/\/iwonapodlasinska.com\/en\/contact-2\/\" \/>\n<meta property=\"og:site_name\" content=\"EN\" \/>\n<meta property=\"article:modified_time\" content=\"2025-09-17T11:30:57+00:00\" \/>\n<meta property=\"og:image\" content=\"http:\/\/iwonapodlasinska.com\/wp-content\/uploads\/2025\/03\/stash_location-light.svg\" \/>\n<meta name=\"twitter:card\" content=\"summary_large_image\" \/>\n<meta name=\"twitter:label1\" content=\"Est. reading time\" \/>\n\t<meta name=\"twitter:data1\" content=\"3 minutes\" \/>\n<script type=\"application\/ld+json\" class=\"yoast-schema-graph\">{\"@context\":\"https:\/\/schema.org\",\"@graph\":[{\"@type\":\"WebPage\",\"@id\":\"https:\/\/iwonapodlasinska.com\/en\/contact-2\/\",\"url\":\"https:\/\/iwonapodlasinska.com\/en\/contact-2\/\",\"name\":\"Contact - EN\",\"isPartOf\":{\"@id\":\"https:\/\/iwonapodlasinska.com\/en\/#website\"},\"primaryImageOfPage\":{\"@id\":\"https:\/\/iwonapodlasinska.com\/en\/contact-2\/#primaryimage\"},\"image\":{\"@id\":\"https:\/\/iwonapodlasinska.com\/en\/contact-2\/#primaryimage\"},\"thumbnailUrl\":\"http:\/\/iwonapodlasinska.com\/wp-content\/uploads\/2025\/03\/stash_location-light.svg\",\"datePublished\":\"2025-03-19T09:21:36+00:00\",\"dateModified\":\"2025-09-17T11:30:57+00:00\",\"breadcrumb\":{\"@id\":\"https:\/\/iwonapodlasinska.com\/en\/contact-2\/#breadcrumb\"},\"inLanguage\":\"en-US\",\"potentialAction\":[{\"@type\":\"ReadAction\",\"target\":[\"https:\/\/iwonapodlasinska.com\/en\/contact-2\/\"]}]},{\"@type\":\"ImageObject\",\"inLanguage\":\"en-US\",\"@id\":\"https:\/\/iwonapodlasinska.com\/en\/contact-2\/#primaryimage\",\"url\":\"http:\/\/iwonapodlasinska.com\/wp-content\/uploads\/2025\/03\/stash_location-light.svg\",\"contentUrl\":\"http:\/\/iwonapodlasinska.com\/wp-content\/uploads\/2025\/03\/stash_location-light.svg\"},{\"@type\":\"BreadcrumbList\",\"@id\":\"https:\/\/iwonapodlasinska.com\/en\/contact-2\/#breadcrumb\",\"itemListElement\":[{\"@type\":\"ListItem\",\"position\":1,\"name\":\"Home\",\"item\":\"https:\/\/iwonapodlasinska.com\/en\/\"},{\"@type\":\"ListItem\",\"position\":2,\"name\":\"Contact\"}]},{\"@type\":\"WebSite\",\"@id\":\"https:\/\/iwonapodlasinska.com\/en\/#website\",\"url\":\"https:\/\/iwonapodlasinska.com\/en\/\",\"name\":\"EN\",\"description\":\"\",\"publisher\":{\"@id\":\"https:\/\/iwonapodlasinska.com\/en\/#organization\"},\"potentialAction\":[{\"@type\":\"SearchAction\",\"target\":{\"@type\":\"EntryPoint\",\"urlTemplate\":\"https:\/\/iwonapodlasinska.com\/en\/?s={search_term_string}\"},\"query-input\":{\"@type\":\"PropertyValueSpecification\",\"valueRequired\":true,\"valueName\":\"search_term_string\"}}],\"inLanguage\":\"en-US\"},{\"@type\":\"Organization\",\"@id\":\"https:\/\/iwonapodlasinska.com\/en\/#organization\",\"name\":\"EN\",\"url\":\"https:\/\/iwonapodlasinska.com\/en\/\",\"logo\":{\"@type\":\"ImageObject\",\"inLanguage\":\"en-US\",\"@id\":\"https:\/\/iwonapodlasinska.com\/en\/#\/schema\/logo\/image\/\",\"url\":\"https:\/\/iwonapodlasinska.com\/en\/wp-content\/uploads\/sites\/3\/2025\/03\/logo2.png\",\"contentUrl\":\"https:\/\/iwonapodlasinska.com\/en\/wp-content\/uploads\/sites\/3\/2025\/03\/logo2.png\",\"width\":305,\"height\":82,\"caption\":\"EN\"},\"image\":{\"@id\":\"https:\/\/iwonapodlasinska.com\/en\/#\/schema\/logo\/image\/\"}}]}<\/script>\n<!-- \/ Yoast SEO plugin. -->","yoast_head_json":{"title":"Contact - EN","robots":{"index":"index","follow":"follow","max-snippet":"max-snippet:-1","max-image-preview":"max-image-preview:large","max-video-preview":"max-video-preview:-1"},"canonical":"https:\/\/iwonapodlasinska.com\/en\/contact-2\/","og_locale":"en_US","og_type":"article","og_title":"Contact - EN","og_description":"If you have any questions regarding workshops, tutorials, or my upcoming projects, feel free to contact me. I will do my best to respond as quickly as possible. Nr&nbsp;rachunku bankowego do&nbsp;przelew\u00f3w: ING Bank \u015al\u0105ski S.A. 39 1050 1416 1000 0092 5159 6913 Find me:","og_url":"https:\/\/iwonapodlasinska.com\/en\/contact-2\/","og_site_name":"EN","article_modified_time":"2025-09-17T11:30:57+00:00","og_image":[{"url":"http:\/\/iwonapodlasinska.com\/wp-content\/uploads\/2025\/03\/stash_location-light.svg","type":"","width":"","height":""}],"twitter_card":"summary_large_image","twitter_misc":{"Est. reading time":"3 minutes"},"schema":{"@context":"https:\/\/schema.org","@graph":[{"@type":"WebPage","@id":"https:\/\/iwonapodlasinska.com\/en\/contact-2\/","url":"https:\/\/iwonapodlasinska.com\/en\/contact-2\/","name":"Contact - EN","isPartOf":{"@id":"https:\/\/iwonapodlasinska.com\/en\/#website"},"primaryImageOfPage":{"@id":"https:\/\/iwonapodlasinska.com\/en\/contact-2\/#primaryimage"},"image":{"@id":"https:\/\/iwonapodlasinska.com\/en\/contact-2\/#primaryimage"},"thumbnailUrl":"http:\/\/iwonapodlasinska.com\/wp-content\/uploads\/2025\/03\/stash_location-light.svg","datePublished":"2025-03-19T09:21:36+00:00","dateModified":"2025-09-17T11:30:57+00:00","breadcrumb":{"@id":"https:\/\/iwonapodlasinska.com\/en\/contact-2\/#breadcrumb"},"inLanguage":"en-US","potentialAction":[{"@type":"ReadAction","target":["https:\/\/iwonapodlasinska.com\/en\/contact-2\/"]}]},{"@type":"ImageObject","inLanguage":"en-US","@id":"https:\/\/iwonapodlasinska.com\/en\/contact-2\/#primaryimage","url":"http:\/\/iwonapodlasinska.com\/wp-content\/uploads\/2025\/03\/stash_location-light.svg","contentUrl":"http:\/\/iwonapodlasinska.com\/wp-content\/uploads\/2025\/03\/stash_location-light.svg"},{"@type":"BreadcrumbList","@id":"https:\/\/iwonapodlasinska.com\/en\/contact-2\/#breadcrumb","itemListElement":[{"@type":"ListItem","position":1,"name":"Home","item":"https:\/\/iwonapodlasinska.com\/en\/"},{"@type":"ListItem","position":2,"name":"Contact"}]},{"@type":"WebSite","@id":"https:\/\/iwonapodlasinska.com\/en\/#website","url":"https:\/\/iwonapodlasinska.com\/en\/","name":"EN","description":"","publisher":{"@id":"https:\/\/iwonapodlasinska.com\/en\/#organization"},"potentialAction":[{"@type":"SearchAction","target":{"@type":"EntryPoint","urlTemplate":"https:\/\/iwonapodlasinska.com\/en\/?s={search_term_string}"},"query-input":{"@type":"PropertyValueSpecification","valueRequired":true,"valueName":"search_term_string"}}],"inLanguage":"en-US"},{"@type":"Organization","@id":"https:\/\/iwonapodlasinska.com\/en\/#organization","name":"EN","url":"https:\/\/iwonapodlasinska.com\/en\/","logo":{"@type":"ImageObject","inLanguage":"en-US","@id":"https:\/\/iwonapodlasinska.com\/en\/#\/schema\/logo\/image\/","url":"https:\/\/iwonapodlasinska.com\/en\/wp-content\/uploads\/sites\/3\/2025\/03\/logo2.png","contentUrl":"https:\/\/iwonapodlasinska.com\/en\/wp-content\/uploads\/sites\/3\/2025\/03\/logo2.png","width":305,"height":82,"caption":"EN"},"image":{"@id":"https:\/\/iwonapodlasinska.com\/en\/#\/schema\/logo\/image\/"}}]}},"_links":{"self":[{"href":"https:\/\/iwonapodlasinska.com\/en\/wp-json\/wp\/v2\/pages\/7640","targetHints":{"allow":["GET"]}}],"collection":[{"href":"https:\/\/iwonapodlasinska.com\/en\/wp-json\/wp\/v2\/pages"}],"about":[{"href":"https:\/\/iwonapodlasinska.com\/en\/wp-json\/wp\/v2\/types\/page"}],"author":[{"embeddable":true,"href":"https:\/\/iwonapodlasinska.com\/en\/wp-json\/wp\/v2\/users\/2"}],"replies":[{"embeddable":true,"href":"https:\/\/iwonapodlasinska.com\/en\/wp-json\/wp\/v2\/comments?post=7640"}],"version-history":[{"count":3,"href":"https:\/\/iwonapodlasinska.com\/en\/wp-json\/wp\/v2\/pages\/7640\/revisions"}],"predecessor-version":[{"id":28039,"href":"https:\/\/iwonapodlasinska.com\/en\/wp-json\/wp\/v2\/pages\/7640\/revisions\/28039"}],"wp:attachment":[{"href":"https:\/\/iwonapodlasinska.com\/en\/wp-json\/wp\/v2\/media?parent=7640"}],"curies":[{"name":"wp","href":"https:\/\/api.w.org\/{rel}","templated":true}]}}